{"id":19,"date":"2025-08-06T22:49:27","date_gmt":"2025-08-06T20:49:27","guid":{"rendered":"http:\/\/radpnsi.cluster021.hosting.ovh.net\/?page_id=19"},"modified":"2025-08-07T17:59:52","modified_gmt":"2025-08-07T15:59:52","slug":"page-2","status":"publish","type":"page","link":"http:\/\/philippethomine.net\/index.php\/page-2\/","title":{"rendered":"Bio express"},"content":{"rendered":"\n<p>Philippe Thomine a suivi un parcours un peu atypique.<br>Au fil des ann\u00e9es et des rencontres, il a navigu\u00e9 entre arts et science, esprit de finesse et de g\u00e9om\u00e9trie, jeux avec le corps, la voix, les images, les id\u00e9es.<br> En r\u00e9sum\u00e9 :<br> <br><strong> Etudes scientifiques<\/strong><br> Apr\u00e8s un bac de sciences et un bac de lettres, puis les classes pr\u00e9pa ad\u00e9quates, il obtient le dipl\u00f4me d&rsquo;ing\u00e9nieur de l&rsquo;\u00e9cole des Mines de Nancy. <br> <strong><br> Enseignement <\/strong><br> Un bref passage dans la formation permanente et l&rsquo;enseignement des math\u00e9matiques en lyc\u00e9e, lui permet de financer ses \u00e9tudes et de commencer une nouvelle vie.<br> <br><strong> Th\u00e9\u00e2tre (<\/strong>comme com\u00e9dien) <br> Il va, pendant pr\u00e8s de 20 ans, faire partie d&rsquo;une troupe de th\u00e9\u00e2tre ind\u00e9pendante, la Compagnie Quatre Litres Douze, en tant que com\u00e9dien.<br> Travail sur le corps et l&rsquo;imaginaire. Travail de cr\u00e9ation \u00e0 partir de l&rsquo;improvisation.<br> Des spectacles fortement color\u00e9s de burlesque et d&rsquo;absurde, pr\u00e9sent\u00e9s \u00e0 Paris (Centre Georges-Pompidou, Ath\u00e9n\u00e9e, Cartoucherie\u2026), Londres, Berlin, Hambourg, Bruxelles, Grenade, Stockholm, Vienne, Cracovie, J\u00e9rusalem\u2026 et de tr\u00e8s nombreuses villes fran\u00e7aises. <br> <br><strong> Mise en sc\u00e8ne<\/strong><br> Pour son dernier spectacle avec la Compagnie Quatre Litres Douze, il devient metteur en sc\u00e8ne avec \u00ab\u00a0La Station Debout\u00a0\u00bb.<br>Il r\u00e9alise ensuite d&rsquo;autres mises en sc\u00e8ne, notamment celles d&rsquo;un spectacle th\u00e9\u00e2tral \u00e0 partir des M\u00e9tamorphoses d&rsquo;Ovide et de deux spectacles m\u00ealant th\u00e9\u00e2tre et musique.<br> <br><strong> Ecriture<font size=\"3pt\"><i><b> <\/b><\/i><\/font><\/strong><br>Pendant un temps, il \u00e9crit des articles dans des revues sp\u00e9cialis\u00e9es comme Na\u00eetre et grandir ou Infirmi\u00e8re magazine, particuli\u00e8rement sur les domaines de la petite enfance et du langage.<br> <br><strong> R\u00e9alisation<\/strong> (voir<a href=\"http:\/\/philippethomine.net\/index.php\/page-3\/\" data-type=\"page\" data-id=\"21\"> la page des r\u00e9alisations<\/a><a href=\"index.html\">)<\/a><br>Il avait d\u00e9j\u00e0, en parall\u00e8le du th\u00e9\u00e2tre, r\u00e9alis\u00e9 des courts-m\u00e9trages de fiction : la s\u00e9rie \u00ab\u00a0Imbuvable mais frais\u00a0\u00bb et \u00ab\u00a0Le professeur p\u00e8te la forme\u00a0\u00bb.<br>Il se tourne finalement vers le genre documentaire et r\u00e9alise des films sur des sujets scientifiques, mais aussi historiques et artistiques.<br>Il collabore fr\u00e9quemment avec les services audiovisuels des Universit\u00e9s de Nancy et Metz en Lorraine et une bonne part de ces r\u00e9alisations sont diffus\u00e9s via internet \u00e0 destination des \u00e9tudiants mais aussi de tout public.<br>Il est intervenu \u00e9galement, pendant quelques ann\u00e9es, \u00e0 l&rsquo;Universit\u00e9 de Metz pour enseigner la r\u00e9alisation.<br> <br>Il s&rsquo;est engag\u00e9 dans plusieurs associations.<br>L&rsquo;association Naissance et accueil qui a d\u00e9fendu l&rsquo;accompagnement global de la naissance.<br>Il a cr\u00e9\u00e9 et pr\u00e9sid\u00e9 pendant plusieurs ann\u00e9es l&rsquo;association Les Arts associ\u00e9s qui a d\u00e9fendu les int\u00e9r\u00eats des artistes lorrrains.<br>Il a pr\u00e9sent\u00e9 \u00e0 l&rsquo;IECA \u00ab\u00a0Les Mardis du doc\u00a0\u00bb, cycle de projections de documentaires, durant plus de 8 ans.<br>Il est membre du CA de l&rsquo;Universit\u00e9 populaire participative de Vandoeuvre.<br><br>Il est p\u00e8re de deux filles, Clara et Sophie et vit en couple avec leur m\u00e8re, Laurence Gillot, auteur pour la jeunesse, journaliste et plasticienne.<br>Pour le joindre, \u00e9crivez son pr\u00e9nom, puis son nom, tout attach\u00e9, suivi de @orange.fr<\/p>\n","protected":false},"excerpt":{"rendered":"<p>Philippe Thomine a suivi un parcours un peu atypique.Au fil des ann\u00e9es et des rencontres, il a navigu\u00e9 entre arts et science, esprit de finesse et de g\u00e9om\u00e9trie, jeux avec le corps, la voix, les images, les id\u00e9es. En r\u00e9sum\u00e9 : Etudes scientifiques Apr\u00e8s un bac de sciences et un bac de lettres, puis les [&hellip;]<\/p>\n","protected":false},"author":1,"featured_media":0,"parent":0,"menu_order":0,"comment_status":"closed","ping_status":"closed","template":"","meta":{"footnotes":""},"class_list":["post-19","page","type-page","status-publish","hentry","post-preview"],"_links":{"self":[{"href":"http:\/\/philippethomine.net\/index.php\/wp-json\/wp\/v2\/pages\/19","targetHints":{"allow":["GET"]}}],"collection":[{"href":"http:\/\/philippethomine.net\/index.php\/wp-json\/wp\/v2\/pages"}],"about":[{"href":"http:\/\/philippethomine.net\/index.php\/wp-json\/wp\/v2\/types\/page"}],"author":[{"embeddable":true,"href":"http:\/\/philippethomine.net\/index.php\/wp-json\/wp\/v2\/users\/1"}],"replies":[{"embeddable":true,"href":"http:\/\/philippethomine.net\/index.php\/wp-json\/wp\/v2\/comments?post=19"}],"version-history":[{"count":5,"href":"http:\/\/philippethomine.net\/index.php\/wp-json\/wp\/v2\/pages\/19\/revisions"}],"predecessor-version":[{"id":92,"href":"http:\/\/philippethomine.net\/index.php\/wp-json\/wp\/v2\/pages\/19\/revisions\/92"}],"wp:attachment":[{"href":"http:\/\/philippethomine.net\/index.php\/wp-json\/wp\/v2\/media?parent=19"}],"curies":[{"name":"wp","href":"https:\/\/api.w.org\/{rel}","templated":true}]}}