{"id":2,"date":"2025-08-06T12:51:54","date_gmt":"2025-08-06T12:51:54","guid":{"rendered":"http:\/\/radpnsi.cluster021.hosting.ovh.net\/?page_id=2"},"modified":"2025-08-15T14:00:11","modified_gmt":"2025-08-15T12:00:11","slug":"sample-page","status":"publish","type":"page","link":"http:\/\/philippethomine.net\/","title":{"rendered":""},"content":{"rendered":"\n<p>Bonjour, <br>Vous \u00eates sur un site \u00e9dit\u00e9 par <strong>Philippe Thomine<\/strong>.<br>Le menu qui se trouve au-dessus de cet article, vous permet d&rsquo;aller <a href=\"http:\/\/philippethomine.net\/index.php\/page-3\/\">voir des films qu&rsquo;il a r\u00e9alis\u00e9s<\/a>, ou bien de lire <a href=\"http:\/\/philippethomine.net\/index.php\/page-2\/\">un r\u00e9sum\u00e9 du parcours <\/a>qu&rsquo;il a suivi. <br>Vous pouvez aussi lire <a href=\"http:\/\/philippethomine.net\/index.php\/blog\/\">le blog qu&rsquo;il tient<\/a> depuis quelque temps.<br>Ce blog propose \u00e9videmment des articles sur des sujets auxquels il s&rsquo;int\u00e9resse. Parmi les plus r\u00e9cents, plusieurs portent sur les LLM, les \u00ab\u00a0grands mod\u00e8les de langage\u00a0\u00bb, du type Chat GPT.<br><\/p>\n\n\n\n<p><\/p>\n","protected":false},"excerpt":{"rendered":"<p>Bonjour, Vous \u00eates sur un site \u00e9dit\u00e9 par Philippe Thomine.Le menu qui se trouve au-dessus de cet article, vous permet d&rsquo;aller voir des films qu&rsquo;il a r\u00e9alis\u00e9s, ou bien de lire un r\u00e9sum\u00e9 du parcours qu&rsquo;il a suivi. Vous pouvez aussi lire le blog qu&rsquo;il tient depuis quelque temps.Ce blog propose \u00e9videmment des articles sur [&hellip;]<\/p>\n","protected":false},"author":1,"featured_media":0,"parent":0,"menu_order":0,"comment_status":"closed","ping_status":"open","template":"","meta":{"footnotes":""},"class_list":["post-2","page","type-page","status-publish","hentry","post-preview"],"_links":{"self":[{"href":"http:\/\/philippethomine.net\/index.php\/wp-json\/wp\/v2\/pages\/2","targetHints":{"allow":["GET"]}}],"collection":[{"href":"http:\/\/philippethomine.net\/index.php\/wp-json\/wp\/v2\/pages"}],"about":[{"href":"http:\/\/philippethomine.net\/index.php\/wp-json\/wp\/v2\/types\/page"}],"author":[{"embeddable":true,"href":"http:\/\/philippethomine.net\/index.php\/wp-json\/wp\/v2\/users\/1"}],"replies":[{"embeddable":true,"href":"http:\/\/philippethomine.net\/index.php\/wp-json\/wp\/v2\/comments?post=2"}],"version-history":[{"count":13,"href":"http:\/\/philippethomine.net\/index.php\/wp-json\/wp\/v2\/pages\/2\/revisions"}],"predecessor-version":[{"id":107,"href":"http:\/\/philippethomine.net\/index.php\/wp-json\/wp\/v2\/pages\/2\/revisions\/107"}],"wp:attachment":[{"href":"http:\/\/philippethomine.net\/index.php\/wp-json\/wp\/v2\/media?parent=2"}],"curies":[{"name":"wp","href":"https:\/\/api.w.org\/{rel}","templated":true}]}}