{"id":21,"date":"2025-08-06T22:49:27","date_gmt":"2025-08-06T20:49:27","guid":{"rendered":"http:\/\/radpnsi.cluster021.hosting.ovh.net\/?page_id=21"},"modified":"2025-08-16T11:53:02","modified_gmt":"2025-08-16T09:53:02","slug":"page-3","status":"publish","type":"page","link":"http:\/\/philippethomine.net\/index.php\/page-3\/","title":{"rendered":"R\u00e9alisations \u00e0 regarder en ligne\u2028"},"content":{"rendered":"\n<p><a href=\"https:\/\/www.youtube.com\/channel\/UCGXQ71ls-1oXj_YeCAhpFQg\" target=\"_blank\"><b>\u00ab\u00a0La Philo en petits morceaux\u00a0\u00bb<\/b><\/a> , une s\u00e9rie de 12 films d&rsquo;animation sur la philosophie des sciences. <br> <b><br><\/b> <a href=\"http:\/\/alfredbinet.univ-lorraine.fr\/\" target=\"_blank\"><b>\u00ab\u00a0Alfred Binet, naissance de la psychologie scientifique\u00a0\u00bb<\/b><\/a> \u00a0il s&rsquo;agit d&rsquo;un webdocumentaire sur la vie et l&rsquo;oeuvre d&rsquo;Alfred Binet. <br> <b><br><\/b> <a href=\"http:\/\/webdoc-hpoincare.univ-nancy2.fr\/\" target=\"_blank\"><b>\u00ab\u00a0A la recherche d&rsquo;Henri Poincar\u00e9\u00a0\u00bb<\/b><\/a> \u00a0 il s&rsquo;agit d&rsquo;un webdocumentaire qui pr\u00e9sente le travail d&rsquo;un labo de recherche en histoire et philosophie des sciences. <br> <b><br><\/b> <a href=\"http:\/\/rats.plongeurs.free.fr\/\" target=\"_blank\"><b>\u00ab\u00a0Faits comme des Rats ?\u00a0\u00bb<\/b><\/a> \u00a0 autour d&rsquo;une exp\u00e9rience sur le comportement animal, r\u00e9alis\u00e9e \u00e0 Nancy par Didier Desor. Avec l&rsquo;Universit\u00e9 Nancy 2. S\u00e9lectionn\u00e9 au Festival Pariscience. <br>Ce film a obtenu le Grand prix du Festival du Film Universitaire P\u00e9dagogique 2012. <br> <b><br><\/b> <a href=\"http:\/\/www.canal-u.tv\/producteurs\/les_amphis_de_france_5\/dossier_programmes\/sociologie\/hommes_femmes_sortir_des_stereotypes\" target=\"_blank\"><b>\u00ab\u00a0Hommes, femmes, sortir des st\u00e9r\u00e9otypes\u00a0\u00bb<\/b><\/a><b> <br><\/b>une r\u00e9flexion sur le \u00ab\u00a0genre\u00a0\u00bb. <br> <br><a href=\"http:\/\/www.univ-metz.fr\/UPV-M\/Haut\/Menu-principal\/culture-et-sport\/audiovisuel-et-multim-dia\/Catalogue\/Sciences\" target=\"_blank\"><b>\u00ab\u00a0Profession : Chercheur\u00a0\u00bb <\/b><\/a>une s\u00e9rie qui pr\u00e9sente des chercheurs et leur travail \u00e0 un jeune public. Avec l&rsquo;Universit\u00e9 Paul Verlaine de Metz.<br>\u2028 <br><b>\u00ab\u00a0De l&rsquo;autre c\u00f4t\u00e9 du miroir\u00a0\u00bb\u00a0 <\/b>portrait de Nathalie Novi, peintre et illustratrice. Un film de 26&prime;<b> <\/b>pour FR3 Lorraine-Champagne-Ardenne, diffus\u00e9 d\u00e9but 2009. On peut acheter le DVD ou louer <a href=\"http:\/\/www.filmsdocumentaires.com\/auteurs\/124-philippe-thomine\" target=\"_blank\">\u00ab\u00a0De l&rsquo;autre c\u00f4t\u00e9 du miroir\u00a0\u00bb, ici.<\/a><br> <br><b>\u00a0\u00bb Regards sur la psychologie sociale exp\u00e9rimentale \u00ab\u00a0:<br><\/b>une s\u00e9rie de films courts qui montrent des exp\u00e9riences marquantes de cette discipline.<b><br><\/b><a href=\"https:\/\/www.youtube.com\/watch?v=oUKNnNkY648\" target=\"_blank\">Le billet perdu<\/a><br> <a href=\"https:\/\/www.youtube.com\/watch?v=fOW5-oUfDbk\" target=\"_blank\">M. Bof, M.Top et moi<\/a><br> <a href=\"https:\/\/www.youtube.com\/watch?v=6G7bCYcU1t8\" target=\"_blank\">L&rsquo;apathie des t\u00e9moins<\/a><br> <a href=\"https:\/\/www.youtube.com\/watch?v=2mYBEN63K_A\" target=\"_blank\">Je vois ce que je crois<\/a><br> <a href=\"https:\/\/www.youtube.com\/watch?v=77s9JFDfSVo\" target=\"_blank\">l&rsquo;effet Julien Lepers<\/a><br><br> <a href=\"http:\/\/www.canal-u.tv\/canalu\/producteurs\/les_amphis_de_france_5\/dossier_programmes\/physique\/tout_est_relatif_monsieur_poincare\/tout_est_relatif_monsieur_poincare\" target=\"_blank\"><b>\u00ab\u00a0Tout est relatif, M. Poincar\u00e9 !\u00a0\u00bb<\/b><\/a> un voyage dans l&rsquo;\u00e9poque, la vie et l&rsquo;oeuvre d&rsquo;Henri Poincar\u00e9, math\u00e9maticien, physicien et philosophe de g\u00e9nie.<br> Pour voir le film en <a href=\"http:\/\/www.athenaweb.org\/films-library\/summary\/birth-modern-science-poincar%C3%A9-1000821.html\" target=\"_blank\">anglais, c&rsquo;est ici.<\/a>, <br><br><b>\u00ab\u00a0Sciences et philosophie\u00a0\u00bb<\/b> : une s\u00e9rie de 4 films.<br> <a href=\"https:\/\/www.canal-u.tv\/video\/les_amphis_de_france_5\/la_science_pense_t_elle.3066\" target=\"_blank\">\u00ab\u00a0La science pense-t-elle ?\u00a0\u00bb<\/a><br> <a href=\"https:\/\/www.canal-u.tv\/video\/les_amphis_de_france_5\/le_monde_est_il_mathematique.3069\" target=\"_blank\">\u00ab\u00a0Le monde est-il math\u00e9matiques ?\u00a0\u00bb<\/a><br> <a href=\"https:\/\/www.canal-u.tv\/video\/les_amphis_de_france_5\/les_sciences_de_l_esprit.3067\" target=\"_blank\">\u00ab\u00a0Les sciences de l&rsquo;esprit\u00a0\u00bb<\/a><br> <a href=\"https:\/\/www.canal-u.tv\/video\/les_amphis_de_france_5\/les_revolutions_scientifiques.3068\" target=\"_blank\">\u00ab\u00a0Les r\u00e9volutions scientifiques\u00a0\u00bb<\/a><br> <br><a href=\"https:\/\/www.youtube.com\/watch?v=s8jLhQ7DSz0\" target=\"_blank\"><b>\u00ab\u00a0Robert Schuman, un destin europ\u00e9en\u00a0\u00bb<\/b><\/a> portrait d&rsquo;un homme des fronti\u00e8res qui donna \u00e0 la construction europ\u00e9enne son impulsion initiale, le 9 mai 1950. Pour FR3 Lorraine-Champagne-Ardenne.<br> <br><a href=\"http:\/\/www.canal-u.tv\/producteurs\/universite_paul_verlaine_metz_sam\/dossier_programmes\/langues\/a_l_ecole_je_parle_deux_langues_une_education_europeenne\" target=\"_blank\"><b>\u00ab\u00a0A l&rsquo;\u00e9cole, je parle deux langues\u00a0\u00bb<\/b><\/a> <b>\u00a0<\/b> l&rsquo;\u00e9ducation bilingue, \u00e0 l&rsquo;\u00e9cole. Des exemples concret en France, Italie et Luxembourg, comment\u00e9s par des sp\u00e9cialistes.<br><br> <b>D&rsquo;autres activit\u00e9s : <\/b><br> Membre du CA de <a href=\"https:\/\/www.up2v.org\/\" target=\"_blank\"> l&rsquo;Universit\u00e9 populaire et participative de Vandoeuvre <\/a> <br> <b>L&rsquo;actualit\u00e9 de<\/b> <a href=\"https:\/\/www.facebook.com\/laphiloenpetitsmorceaux\" target=\"_blank\"> <b>\u00ab\u00a0La Philo en petits morceaux\u00a0\u00bb<\/b><\/a> <br> <b> Visitez aussi :<\/b> <a href=\"http:\/\/clarathomine.com\/\" target=\"_blank\"> le site de Clara Thomine <\/a><\/p>\n\n\n\n<p><\/p>\n","protected":false},"excerpt":{"rendered":"<p>\u00ab\u00a0La Philo en petits morceaux\u00a0\u00bb , une s\u00e9rie de 12 films d&rsquo;animation sur la philosophie des sciences. \u00ab\u00a0Alfred Binet, naissance de la psychologie scientifique\u00a0\u00bb \u00a0il s&rsquo;agit d&rsquo;un webdocumentaire sur la vie et l&rsquo;oeuvre d&rsquo;Alfred Binet. \u00ab\u00a0A la recherche d&rsquo;Henri Poincar\u00e9\u00a0\u00bb \u00a0 il s&rsquo;agit d&rsquo;un webdocumentaire qui pr\u00e9sente le travail d&rsquo;un labo de recherche en histoire [&hellip;]<\/p>\n","protected":false},"author":1,"featured_media":0,"parent":0,"menu_order":0,"comment_status":"closed","ping_status":"closed","template":"","meta":{"footnotes":""},"class_list":["post-21","page","type-page","status-publish","hentry","post-preview"],"_links":{"self":[{"href":"http:\/\/philippethomine.net\/index.php\/wp-json\/wp\/v2\/pages\/21","targetHints":{"allow":["GET"]}}],"collection":[{"href":"http:\/\/philippethomine.net\/index.php\/wp-json\/wp\/v2\/pages"}],"about":[{"href":"http:\/\/philippethomine.net\/index.php\/wp-json\/wp\/v2\/types\/page"}],"author":[{"embeddable":true,"href":"http:\/\/philippethomine.net\/index.php\/wp-json\/wp\/v2\/users\/1"}],"replies":[{"embeddable":true,"href":"http:\/\/philippethomine.net\/index.php\/wp-json\/wp\/v2\/comments?post=21"}],"version-history":[{"count":7,"href":"http:\/\/philippethomine.net\/index.php\/wp-json\/wp\/v2\/pages\/21\/revisions"}],"predecessor-version":[{"id":110,"href":"http:\/\/philippethomine.net\/index.php\/wp-json\/wp\/v2\/pages\/21\/revisions\/110"}],"wp:attachment":[{"href":"http:\/\/philippethomine.net\/index.php\/wp-json\/wp\/v2\/media?parent=21"}],"curies":[{"name":"wp","href":"https:\/\/api.w.org\/{rel}","templated":true}]}}